{"id":4365,"date":"2026-01-26T18:38:23","date_gmt":"2026-01-26T17:38:23","guid":{"rendered":"https:\/\/makumobel.es\/muebles-colchones-madrid\/?post_type=product&#038;p=4365"},"modified":"2026-01-26T18:38:23","modified_gmt":"2026-01-26T17:38:23","slug":"cabecero-cuadros-115-sonpura-madrid-centro","status":"publish","type":"product","link":"https:\/\/makumobel.es\/muebles-colchones-madrid\/producto\/cabecero-cuadros-115-sonpura-madrid-centro\/","title":{"rendered":"Cabecero Cuadros 115"},"content":{"rendered":"<p data-path-to-node=\"7\">Si est\u00e1s buscando el <b data-path-to-node=\"7\" data-index-in-node=\"21\">Cabecero Cuadros 115 de Sonpura en Madrid Centro<\/b>, en <b data-path-to-node=\"7\" data-index-in-node=\"74\">Muebles Makumobel<\/b> disponemos de esta pieza exclusiva que busca la calidez a trav\u00e9s de un dise\u00f1o geom\u00e9trico con mucho estilo. <b data-path-to-node=\"7\" data-index-in-node=\"199\">En primer lugar<\/b>, es importante destacar que este cabezal desprende una elegancia natural que completar\u00e1 el dise\u00f1o de tu cama de forma inmediata. <b data-path-to-node=\"7\" data-index-in-node=\"344\">Por este motivo<\/b>, se ha convertido en una de las opciones favoritas para quienes desean renovar su dormitorio en el centro de la capital con un toque de distinci\u00f3n.<\/p>\n<h3 data-path-to-node=\"8\">Dise\u00f1o ic\u00f3nico en el Cabecero Cuadros 115 de Sonpura<\/h3>\n<p data-path-to-node=\"9\">La caracter\u00edstica principal de este <b data-path-to-node=\"9\" data-index-in-node=\"36\">complemento de decoraci\u00f3n premium<\/b> es su estructura de paneles acolchados. <b data-path-to-node=\"9\" data-index-in-node=\"110\">En concreto<\/b>, el modelo ha sido fabricado con materiales de la m\u00e1s alta calidad para ofrecer un relieve visual que aporta profundidad a la pared principal del dormitorio. <b data-path-to-node=\"9\" data-index-in-node=\"280\">Gracias a ello<\/b>, potenciar\u00e1s tu estancia de un modo original y \u00fanico. <b data-path-to-node=\"9\" data-index-in-node=\"349\">Adem\u00e1s<\/b>, su dise\u00f1o ic\u00f3nico no solo es est\u00e9tico, sino que tambi\u00e9n ofrece un soporte mullido y confortable para apoyarse durante tus momentos de descanso.<\/p>\n<p data-path-to-node=\"10\"><b data-path-to-node=\"10\" data-index-in-node=\"0\">Asimismo<\/b>, al elegir el <b data-path-to-node=\"10\" data-index-in-node=\"23\">Cabecero Cuadros 115 de Sonpura en Madrid Centro<\/b>, tienes la libertad de personalizar el acabado final. <b data-path-to-node=\"10\" data-index-in-node=\"126\">Por ejemplo<\/b>, puedes escoger el tapizado que mejor se adapte a tu ambiente entre una amplia gama de texturas y colores de \u00faltima tendencia. <b data-path-to-node=\"10\" data-index-in-node=\"265\">De este modo<\/b>, el cabecero se convierte en un reflejo de tu personalidad, integr\u00e1ndose perfectamente con el resto del mobiliario. <b data-path-to-node=\"10\" data-index-in-node=\"394\">En consecuencia<\/b>, es una inversi\u00f3n segura para quienes buscan durabilidad y un estilo que no pasa de moda.<\/p>\n<h3 data-path-to-node=\"11\">Ventajas de un cabezal acolchado de alta gama<\/h3>\n<p data-path-to-node=\"12\"><b data-path-to-node=\"12\" data-index-in-node=\"0\">Por otro lado<\/b>, este modelo destaca por su funcionalidad t\u00e9cnica. <b data-path-to-node=\"12\" data-index-in-node=\"65\">Debido a que<\/b> sus paneles est\u00e1n cuidadosamente alineados, la sensaci\u00f3n de orden y armon\u00eda en el cuarto aumenta significativamente. <b data-path-to-node=\"12\" data-index-in-node=\"195\">Por lo tanto<\/b>, es la pieza ideal para crear un refugio de paz en casa. <b data-path-to-node=\"12\" data-index-in-node=\"265\">Igualmente<\/b>, otros beneficios destacados son:<\/p>\n<ul data-path-to-node=\"13\">\n<li>\n<p data-path-to-node=\"13,0,0\"><b data-path-to-node=\"13,0,0\" data-index-in-node=\"0\">Acabado Artesanal:<\/b> Costuras reforzadas que garantizan la longevidad del dise\u00f1o cuadriculado.<\/p>\n<\/li>\n<li>\n<p data-path-to-node=\"13,1,0\"><b data-path-to-node=\"13,1,0\" data-index-in-node=\"0\">Aislamiento T\u00e9rmico:<\/b> Protege la zona de descanso del fr\u00edo de la pared, mejorando el confort.<\/p>\n<\/li>\n<li>\n<p data-path-to-node=\"13,2,0\"><b data-path-to-node=\"13,2,0\" data-index-in-node=\"0\">Estilo Vers\u00e1til:<\/b> Encaja tanto en ambientes modernos como en dormitorios de corte m\u00e1s cl\u00e1sico.<\/p>\n<\/li>\n<\/ul>\n<p data-path-to-node=\"14\">Te sugerimos combinar este cabezal con nuestra <a class=\"ng-star-inserted\" href=\"https:\/\/www.google.com\/search?q=https:\/\/www.tusitioweb.com\/bases\" target=\"_blank\" rel=\"noopener\" data-hveid=\"0\" data-ved=\"0CAAQ_4QMahgKEwiFiM-hjqmSAxUAAAAAHQAAAAAQiAQ\">selecci\u00f3n de bases tapizadas<\/a> (Enlace Interno). <b data-path-to-node=\"14\" data-index-in-node=\"94\">En cualquier caso<\/b>, para descubrir m\u00e1s sobre c\u00f3mo el dise\u00f1o influye en el bienestar, consulta a la <a class=\"ng-star-inserted\" href=\"https:\/\/www.asocama.es\" target=\"_blank\" rel=\"noopener\" data-hveid=\"0\" data-ved=\"0CAAQ_4QMahgKEwiFiM-hjqmSAxUAAAAAHQAAAAAQiQQ\">Asociaci\u00f3n Espa\u00f1ola de la Cama<\/a> (Enlace Externo).<\/p>\n<hr data-path-to-node=\"15\" \/>\n<h3 data-path-to-node=\"16\">Consulta nuestras Promociones Especiales en Madrid<\/h3>\n<p data-path-to-node=\"17\">En nuestra tienda queremos que el <b data-path-to-node=\"17\" data-index-in-node=\"34\">Cabecero Cuadros 115 de Sonpura en Madrid Centro<\/b> sea el protagonista de tu habitaci\u00f3n con condiciones econ\u00f3micas inmejorables.<\/p>\n<ul data-path-to-node=\"18\">\n<li>\n<p data-path-to-node=\"18,0,0\"><b data-path-to-node=\"18,0,0\" data-index-in-node=\"0\">PvPR desde 443\u20ac<\/b><\/p>\n<\/li>\n<li>\n<p data-path-to-node=\"18,1,0\"><b data-path-to-node=\"18,1,0\" data-index-in-node=\"0\">\u00a1Atenci\u00f3n Personalizada!<\/b> El importe arriba indicado es orientativo. <b data-path-to-node=\"18,1,0\" data-index-in-node=\"68\">Por consiguiente<\/b>, te recomendamos <b data-path-to-node=\"18,1,0\" data-index-in-node=\"102\">contactar directamente con nuestro equipo<\/b> para conocer las <b data-path-to-node=\"18,1,0\" data-index-in-node=\"161\">promociones especiales<\/b> actuales y obtener un presupuesto con descuentos exclusivos.<\/p>\n<\/li>\n<\/ul>\n","protected":false},"excerpt":{"rendered":"<p>Calidez a trav\u00e9s de paneles cuadriculados<\/p>\n","protected":false},"featured_media":4366,"comment_status":"open","ping_status":"closed","template":"","meta":{"_uf_show_specific_survey":0,"_uf_disable_surveys":false,"_joinchat":[]},"product_brand":[],"product_cat":[126,123,80],"product_tag":[],"class_list":{"0":"post-4365","1":"product","2":"type-product","3":"status-publish","4":"has-post-thumbnail","6":"product_cat-cabeceros","7":"product_cat-camas-cabeceros","8":"product_cat-mobiliario","10":"first","11":"instock","12":"shipping-taxable","13":"product-type-simple"},"yoast_head":"<!-- This site is optimized with the Yoast SEO plugin v27.2 - https:\/\/yoast.com\/product\/yoast-seo-wordpress\/ -->\n<title>Cabecero Cuadros 115 de Sonpura en Madrid Centro | Makumobel<\/title>\n<meta name=\"description\" content=\"Compra el Cabecero Cuadros 115 de Sonpura en Madrid Centro. Dise\u00f1o ic\u00f3nico de paneles acolchados y m\u00e1xima calidez. \u00a1Contacta para ofertas VIP!\" \/>\n<meta name=\"robots\" content=\"index, follow, max-snippet:-1, max-image-preview:large, max-video-preview:-1\" \/>\n<link rel=\"canonical\" href=\"https:\/\/makumobel.es\/muebles-colchones-madrid\/producto\/cabecero-cuadros-115-sonpura-madrid-centro\/\" \/>\n<meta property=\"og:locale\" content=\"es_ES\" \/>\n<meta property=\"og:type\" content=\"article\" \/>\n<meta property=\"og:title\" content=\"Cabecero Cuadros 115 de Sonpura en Madrid Centro | Makumobel\" \/>\n<meta property=\"og:description\" content=\"Compra el Cabecero Cuadros 115 de Sonpura en Madrid Centro. Dise\u00f1o ic\u00f3nico de paneles acolchados y m\u00e1xima calidez. \u00a1Contacta para ofertas VIP!\" \/>\n<meta property=\"og:url\" content=\"https:\/\/makumobel.es\/muebles-colchones-madrid\/producto\/cabecero-cuadros-115-sonpura-madrid-centro\/\" \/>\n<meta property=\"og:site_name\" content=\"MakuMobel\" \/>\n<meta property=\"article:publisher\" content=\"https:\/\/www.facebook.com\/MueblesMakumobel?locale=es_ES\" \/>\n<meta property=\"og:image\" content=\"https:\/\/makumobel.es\/muebles-colchones-madrid\/wp-content\/uploads\/2026\/01\/Cuadros_11zon-scaled.jpg\" \/>\n\t<meta property=\"og:image:width\" content=\"2560\" \/>\n\t<meta property=\"og:image:height\" content=\"1810\" \/>\n\t<meta property=\"og:image:type\" content=\"image\/jpeg\" \/>\n<meta name=\"twitter:card\" content=\"summary_large_image\" \/>\n<meta name=\"twitter:label1\" content=\"Tiempo de lectura\" \/>\n\t<meta name=\"twitter:data1\" content=\"3 minutos\" \/>\n<script type=\"application\/ld+json\" class=\"yoast-schema-graph\">{\"@context\":\"https:\/\/schema.org\",\"@graph\":[{\"@type\":\"WebPage\",\"@id\":\"https:\/\/makumobel.es\/muebles-colchones-madrid\/producto\/cabecero-cuadros-115-sonpura-madrid-centro\/\",\"url\":\"https:\/\/makumobel.es\/muebles-colchones-madrid\/producto\/cabecero-cuadros-115-sonpura-madrid-centro\/\",\"name\":\"Cabecero Cuadros 115 de Sonpura en Madrid Centro | Makumobel\",\"isPartOf\":{\"@id\":\"https:\/\/makumobel.es\/muebles-colchones-madrid\/#website\"},\"primaryImageOfPage\":{\"@id\":\"https:\/\/makumobel.es\/muebles-colchones-madrid\/producto\/cabecero-cuadros-115-sonpura-madrid-centro\/#primaryimage\"},\"image\":{\"@id\":\"https:\/\/makumobel.es\/muebles-colchones-madrid\/producto\/cabecero-cuadros-115-sonpura-madrid-centro\/#primaryimage\"},\"thumbnailUrl\":\"https:\/\/i0.wp.com\/makumobel.es\/muebles-colchones-madrid\/wp-content\/uploads\/2026\/01\/Cuadros_11zon-scaled.webp?fit=2560%2C1810&ssl=1\",\"datePublished\":\"2026-01-26T17:38:23+00:00\",\"description\":\"Compra el Cabecero Cuadros 115 de Sonpura en Madrid Centro. Dise\u00f1o ic\u00f3nico de paneles acolchados y m\u00e1xima calidez. \u00a1Contacta para ofertas VIP!\",\"breadcrumb\":{\"@id\":\"https:\/\/makumobel.es\/muebles-colchones-madrid\/producto\/cabecero-cuadros-115-sonpura-madrid-centro\/#breadcrumb\"},\"inLanguage\":\"es\",\"potentialAction\":[{\"@type\":\"ReadAction\",\"target\":[\"https:\/\/makumobel.es\/muebles-colchones-madrid\/producto\/cabecero-cuadros-115-sonpura-madrid-centro\/\"]}]},{\"@type\":\"ImageObject\",\"inLanguage\":\"es\",\"@id\":\"https:\/\/makumobel.es\/muebles-colchones-madrid\/producto\/cabecero-cuadros-115-sonpura-madrid-centro\/#primaryimage\",\"url\":\"https:\/\/i0.wp.com\/makumobel.es\/muebles-colchones-madrid\/wp-content\/uploads\/2026\/01\/Cuadros_11zon-scaled.webp?fit=2560%2C1810&ssl=1\",\"contentUrl\":\"https:\/\/i0.wp.com\/makumobel.es\/muebles-colchones-madrid\/wp-content\/uploads\/2026\/01\/Cuadros_11zon-scaled.webp?fit=2560%2C1810&ssl=1\",\"width\":2560,\"height\":1810},{\"@type\":\"BreadcrumbList\",\"@id\":\"https:\/\/makumobel.es\/muebles-colchones-madrid\/producto\/cabecero-cuadros-115-sonpura-madrid-centro\/#breadcrumb\",\"itemListElement\":[{\"@type\":\"ListItem\",\"position\":1,\"name\":\"Portada\",\"item\":\"https:\/\/makumobel.es\/muebles-colchones-madrid\/\"},{\"@type\":\"ListItem\",\"position\":2,\"name\":\"Tienda\",\"item\":\"https:\/\/makumobel.es\/muebles-colchones-madrid\/?page_id=4199\"},{\"@type\":\"ListItem\",\"position\":3,\"name\":\"Cabecero Cuadros 115\"}]},{\"@type\":\"WebSite\",\"@id\":\"https:\/\/makumobel.es\/muebles-colchones-madrid\/#website\",\"url\":\"https:\/\/makumobel.es\/muebles-colchones-madrid\/\",\"name\":\"MakuMobel\",\"description\":\"\",\"publisher\":{\"@id\":\"https:\/\/makumobel.es\/muebles-colchones-madrid\/#organization\"},\"potentialAction\":[{\"@type\":\"SearchAction\",\"target\":{\"@type\":\"EntryPoint\",\"urlTemplate\":\"https:\/\/makumobel.es\/muebles-colchones-madrid\/?s={search_term_string}\"},\"query-input\":{\"@type\":\"PropertyValueSpecification\",\"valueRequired\":true,\"valueName\":\"search_term_string\"}}],\"inLanguage\":\"es\"},{\"@type\":\"Organization\",\"@id\":\"https:\/\/makumobel.es\/muebles-colchones-madrid\/#organization\",\"name\":\"MakuMobel\",\"url\":\"https:\/\/makumobel.es\/muebles-colchones-madrid\/\",\"logo\":{\"@type\":\"ImageObject\",\"inLanguage\":\"es\",\"@id\":\"https:\/\/makumobel.es\/muebles-colchones-madrid\/#\/schema\/logo\/image\/\",\"url\":\"https:\/\/makumobel.es\/muebles-colchones-madrid\/wp-content\/uploads\/2024\/03\/logo-280-px.jpg\",\"contentUrl\":\"https:\/\/makumobel.es\/muebles-colchones-madrid\/wp-content\/uploads\/2024\/03\/logo-280-px.jpg\",\"width\":280,\"height\":139,\"caption\":\"MakuMobel\"},\"image\":{\"@id\":\"https:\/\/makumobel.es\/muebles-colchones-madrid\/#\/schema\/logo\/image\/\"},\"sameAs\":[\"https:\/\/www.facebook.com\/MueblesMakumobel?locale=es_ES\",\"https:\/\/www.instagram.com\/makumobel\/\"]}]}<\/script>\n<!-- \/ Yoast SEO plugin. -->","yoast_head_json":{"title":"Cabecero Cuadros 115 de Sonpura en Madrid Centro | Makumobel","description":"Compra el Cabecero Cuadros 115 de Sonpura en Madrid Centro. Dise\u00f1o ic\u00f3nico de paneles acolchados y m\u00e1xima calidez. \u00a1Contacta para ofertas VIP!","robots":{"index":"index","follow":"follow","max-snippet":"max-snippet:-1","max-image-preview":"max-image-preview:large","max-video-preview":"max-video-preview:-1"},"canonical":"https:\/\/makumobel.es\/muebles-colchones-madrid\/producto\/cabecero-cuadros-115-sonpura-madrid-centro\/","og_locale":"es_ES","og_type":"article","og_title":"Cabecero Cuadros 115 de Sonpura en Madrid Centro | Makumobel","og_description":"Compra el Cabecero Cuadros 115 de Sonpura en Madrid Centro. Dise\u00f1o ic\u00f3nico de paneles acolchados y m\u00e1xima calidez. \u00a1Contacta para ofertas VIP!","og_url":"https:\/\/makumobel.es\/muebles-colchones-madrid\/producto\/cabecero-cuadros-115-sonpura-madrid-centro\/","og_site_name":"MakuMobel","article_publisher":"https:\/\/www.facebook.com\/MueblesMakumobel?locale=es_ES","og_image":[{"width":2560,"height":1810,"url":"https:\/\/makumobel.es\/muebles-colchones-madrid\/wp-content\/uploads\/2026\/01\/Cuadros_11zon-scaled.jpg","type":"image\/jpeg"}],"twitter_card":"summary_large_image","twitter_misc":{"Tiempo de lectura":"3 minutos"},"schema":{"@context":"https:\/\/schema.org","@graph":[{"@type":"WebPage","@id":"https:\/\/makumobel.es\/muebles-colchones-madrid\/producto\/cabecero-cuadros-115-sonpura-madrid-centro\/","url":"https:\/\/makumobel.es\/muebles-colchones-madrid\/producto\/cabecero-cuadros-115-sonpura-madrid-centro\/","name":"Cabecero Cuadros 115 de Sonpura en Madrid Centro | Makumobel","isPartOf":{"@id":"https:\/\/makumobel.es\/muebles-colchones-madrid\/#website"},"primaryImageOfPage":{"@id":"https:\/\/makumobel.es\/muebles-colchones-madrid\/producto\/cabecero-cuadros-115-sonpura-madrid-centro\/#primaryimage"},"image":{"@id":"https:\/\/makumobel.es\/muebles-colchones-madrid\/producto\/cabecero-cuadros-115-sonpura-madrid-centro\/#primaryimage"},"thumbnailUrl":"https:\/\/i0.wp.com\/makumobel.es\/muebles-colchones-madrid\/wp-content\/uploads\/2026\/01\/Cuadros_11zon-scaled.webp?fit=2560%2C1810&ssl=1","datePublished":"2026-01-26T17:38:23+00:00","description":"Compra el Cabecero Cuadros 115 de Sonpura en Madrid Centro. Dise\u00f1o ic\u00f3nico de paneles acolchados y m\u00e1xima calidez. \u00a1Contacta para ofertas VIP!","breadcrumb":{"@id":"https:\/\/makumobel.es\/muebles-colchones-madrid\/producto\/cabecero-cuadros-115-sonpura-madrid-centro\/#breadcrumb"},"inLanguage":"es","potentialAction":[{"@type":"ReadAction","target":["https:\/\/makumobel.es\/muebles-colchones-madrid\/producto\/cabecero-cuadros-115-sonpura-madrid-centro\/"]}]},{"@type":"ImageObject","inLanguage":"es","@id":"https:\/\/makumobel.es\/muebles-colchones-madrid\/producto\/cabecero-cuadros-115-sonpura-madrid-centro\/#primaryimage","url":"https:\/\/i0.wp.com\/makumobel.es\/muebles-colchones-madrid\/wp-content\/uploads\/2026\/01\/Cuadros_11zon-scaled.webp?fit=2560%2C1810&ssl=1","contentUrl":"https:\/\/i0.wp.com\/makumobel.es\/muebles-colchones-madrid\/wp-content\/uploads\/2026\/01\/Cuadros_11zon-scaled.webp?fit=2560%2C1810&ssl=1","width":2560,"height":1810},{"@type":"BreadcrumbList","@id":"https:\/\/makumobel.es\/muebles-colchones-madrid\/producto\/cabecero-cuadros-115-sonpura-madrid-centro\/#breadcrumb","itemListElement":[{"@type":"ListItem","position":1,"name":"Portada","item":"https:\/\/makumobel.es\/muebles-colchones-madrid\/"},{"@type":"ListItem","position":2,"name":"Tienda","item":"https:\/\/makumobel.es\/muebles-colchones-madrid\/?page_id=4199"},{"@type":"ListItem","position":3,"name":"Cabecero Cuadros 115"}]},{"@type":"WebSite","@id":"https:\/\/makumobel.es\/muebles-colchones-madrid\/#website","url":"https:\/\/makumobel.es\/muebles-colchones-madrid\/","name":"MakuMobel","description":"","publisher":{"@id":"https:\/\/makumobel.es\/muebles-colchones-madrid\/#organization"},"potentialAction":[{"@type":"SearchAction","target":{"@type":"EntryPoint","urlTemplate":"https:\/\/makumobel.es\/muebles-colchones-madrid\/?s={search_term_string}"},"query-input":{"@type":"PropertyValueSpecification","valueRequired":true,"valueName":"search_term_string"}}],"inLanguage":"es"},{"@type":"Organization","@id":"https:\/\/makumobel.es\/muebles-colchones-madrid\/#organization","name":"MakuMobel","url":"https:\/\/makumobel.es\/muebles-colchones-madrid\/","logo":{"@type":"ImageObject","inLanguage":"es","@id":"https:\/\/makumobel.es\/muebles-colchones-madrid\/#\/schema\/logo\/image\/","url":"https:\/\/makumobel.es\/muebles-colchones-madrid\/wp-content\/uploads\/2024\/03\/logo-280-px.jpg","contentUrl":"https:\/\/makumobel.es\/muebles-colchones-madrid\/wp-content\/uploads\/2024\/03\/logo-280-px.jpg","width":280,"height":139,"caption":"MakuMobel"},"image":{"@id":"https:\/\/makumobel.es\/muebles-colchones-madrid\/#\/schema\/logo\/image\/"},"sameAs":["https:\/\/www.facebook.com\/MueblesMakumobel?locale=es_ES","https:\/\/www.instagram.com\/makumobel\/"]}]}},"_links":{"self":[{"href":"https:\/\/makumobel.es\/muebles-colchones-madrid\/wp-json\/wp\/v2\/product\/4365","targetHints":{"allow":["GET"]}}],"collection":[{"href":"https:\/\/makumobel.es\/muebles-colchones-madrid\/wp-json\/wp\/v2\/product"}],"about":[{"href":"https:\/\/makumobel.es\/muebles-colchones-madrid\/wp-json\/wp\/v2\/types\/product"}],"replies":[{"embeddable":true,"href":"https:\/\/makumobel.es\/muebles-colchones-madrid\/wp-json\/wp\/v2\/comments?post=4365"}],"wp:featuredmedia":[{"embeddable":true,"href":"https:\/\/makumobel.es\/muebles-colchones-madrid\/wp-json\/wp\/v2\/media\/4366"}],"wp:attachment":[{"href":"https:\/\/makumobel.es\/muebles-colchones-madrid\/wp-json\/wp\/v2\/media?parent=4365"}],"wp:term":[{"taxonomy":"product_brand","embeddable":true,"href":"https:\/\/makumobel.es\/muebles-colchones-madrid\/wp-json\/wp\/v2\/product_brand?post=4365"},{"taxonomy":"product_cat","embeddable":true,"href":"https:\/\/makumobel.es\/muebles-colchones-madrid\/wp-json\/wp\/v2\/product_cat?post=4365"},{"taxonomy":"product_tag","embeddable":true,"href":"https:\/\/makumobel.es\/muebles-colchones-madrid\/wp-json\/wp\/v2\/product_tag?post=4365"}],"curies":[{"name":"wp","href":"https:\/\/api.w.org\/{rel}","templated":true}]}}