{"id":5213,"date":"2026-02-03T22:37:07","date_gmt":"2026-02-03T21:37:07","guid":{"rendered":"https:\/\/makumobel.es\/muebles-colchones-madrid\/?post_type=product&#038;p=5213"},"modified":"2026-02-03T22:37:07","modified_gmt":"2026-02-03T21:37:07","slug":"comoda-dormitorio-rm13","status":"publish","type":"product","link":"https:\/\/makumobel.es\/muebles-colchones-madrid\/producto\/comoda-dormitorio-rm13\/","title":{"rendered":"C\u00f3moda de dormitorio RM13"},"content":{"rendered":"<p data-path-to-node=\"6\">La <b data-path-to-node=\"6\" data-index-in-node=\"3\">c\u00f3moda de dormitorio RM13<\/b> es el complemento de almacenaje perfecto para quienes buscan maximizar el espacio sin renunciar al dise\u00f1o de vanguardia. Gracias a su estructura robusta y sus m\u00faltiples opciones de tama\u00f1o, este mueble se adapta a las dimensiones de cualquier estancia en Madrid Centro. <b data-path-to-node=\"6\" data-index-in-node=\"298\">En primer lugar<\/b>, su est\u00e9tica coordinada con el resto de la serie permite crear un ambiente arm\u00f3nico y profesional en tu zona de descanso.<\/p>\n<h3 data-path-to-node=\"7\">Medidas disponibles y personalizaci\u00f3n est\u00e9tica<\/h3>\n<p data-path-to-node=\"8\">Lo que define la versatilidad de la <b data-path-to-node=\"8\" data-index-in-node=\"36\">c\u00f3moda de dormitorio RM13<\/b> es su fabricaci\u00f3n en tres anchos diferentes para cubrir todas las necesidades:<\/p>\n<ul data-path-to-node=\"9\">\n<li>\n<p data-path-to-node=\"9,0,0\"><b data-path-to-node=\"9,0,0\" data-index-in-node=\"0\">Tres medidas frontales<\/b>: Disponible en versiones de <b data-path-to-node=\"9,0,0\" data-index-in-node=\"51\">80 cm, 100 cm y 120 cm<\/b>.<\/p>\n<\/li>\n<li>\n<p data-path-to-node=\"9,1,0\"><b data-path-to-node=\"9,1,0\" data-index-in-node=\"0\">Gama de acabados<\/b>: Puedes elegir entre los tonos tendencia <b data-path-to-node=\"9,1,0\" data-index-in-node=\"58\">Polar, Artisan y Roble Natural<\/b>, siempre con los distintivos detalles en <b data-path-to-node=\"9,1,0\" data-index-in-node=\"130\">\u00c9bano<\/b>.<\/p>\n<\/li>\n<li>\n<p data-path-to-node=\"9,2,0\"><b data-path-to-node=\"9,2,0\" data-index-in-node=\"0\">Configuraci\u00f3n de base<\/b>: Posibilidad de a\u00f1adir <b data-path-to-node=\"9,2,0\" data-index-in-node=\"45\">patas altas<\/b> para facilitar la limpieza o instalarla directamente a suelo para un estilo m\u00e1s compacto.<\/p>\n<\/li>\n<li>\n<p data-path-to-node=\"9,3,0\"><b data-path-to-node=\"9,3,0\" data-index-in-node=\"0\">Detalles de lujo<\/b>: El interior de los cajones cuenta con acabado textil y herrajes de alta calidad.<\/p>\n<\/li>\n<\/ul>\n<p data-path-to-node=\"10\"><b data-path-to-node=\"10\" data-index-in-node=\"0\">De este modo<\/b>, este mueble encaja a la perfecci\u00f3n con nuestra l\u00ednea de descanso. Te sugerimos acompa\u00f1arla con la <a class=\"ng-star-inserted\" href=\"https:\/\/www.google.com\/search?q=https:\/\/www.tusitioweb.com\/mesilla-de-noche-rm13\" target=\"_blank\" rel=\"noopener\" data-hveid=\"0\" data-ved=\"0CAAQ_4QMahgKEwiLnrDRnL6SAxUAAAAAHQAAAAAQ8wk\">Mesilla de noche RM13<\/a> o cualquiera de nuestros <a class=\"ng-star-inserted\" href=\"https:\/\/www.google.com\/search?q=https:\/\/www.tusitioweb.com\/cabecero-con-led-dk5\" target=\"_blank\" rel=\"noopener\" data-hveid=\"0\" data-ved=\"0CAAQ_4QMahgKEwiLnrDRnL6SAxUAAAAAHQAAAAAQ9Ak\">Cabeceros con LED DK<\/a> (enlaces internos) para completar tu dormitorio en Madrid Centro.<\/p>\n<h3 data-path-to-node=\"11\">Ingenier\u00eda de calidad en el almacenaje<\/h3>\n<p data-path-to-node=\"12\"><b data-path-to-node=\"12\" data-index-in-node=\"0\">Por otro lado<\/b>, la durabilidad est\u00e1 garantizada por sus componentes t\u00e9cnicos. <b data-path-to-node=\"12\" data-index-in-node=\"77\">Debido a que<\/b> la <b data-path-to-node=\"12\" data-index-in-node=\"93\">c\u00f3moda de dormitorio RM13<\/b> incorpora gu\u00edas met\u00e1licas de rueda con sistema de tope, el uso diario es fluido y silencioso. Adem\u00e1s, los estantes de cristal de 5mm y los herrajes tipo pel\u00edcano aportan un extra de sofisticaci\u00f3n y orden. <b data-path-to-node=\"12\" data-index-in-node=\"324\">Por lo tanto<\/b>, elegir este modelo es una apuesta segura por el mobiliario artesanal de larga vida. Si buscas inspiraci\u00f3n para organizar tus cajones, consulta <a class=\"ng-star-inserted\" href=\"https:\/\/www.elmueble.com\/\" target=\"_blank\" rel=\"noopener\" data-hveid=\"0\" data-ved=\"0CAAQ_4QMahgKEwiLnrDRnL6SAxUAAAAAHQAAAAAQ9Qk\">El Mueble<\/a> (enlace externo).<\/p>\n<hr data-path-to-node=\"13\" \/>\n<h3 data-path-to-node=\"14\">Solicita presupuesto para la C\u00f3moda RM13 en Madrid Centro<\/h3>\n<p data-path-to-node=\"15\">Al fabricarse bajo pedido, nos aseguramos de que cada c\u00f3moda cumpla con tus expectativas de color y medida.<\/p>\n<ul data-path-to-node=\"16\">\n<li>\n<p data-path-to-node=\"16,0,0\"><b data-path-to-node=\"16,0,0\" data-index-in-node=\"0\">Atenci\u00f3n Personalizada<\/b>: Consulta las muestras de color <b data-path-to-node=\"16,0,0\" data-index-in-node=\"55\">Polar, Artisan y Roble<\/b> para tu <b data-path-to-node=\"16,0,0\" data-index-in-node=\"86\">c\u00f3moda de dormitorio RM13<\/b>.<\/p>\n<\/li>\n<li>\n<p data-path-to-node=\"16,1,0\"><b data-path-to-node=\"16,1,0\" data-index-in-node=\"0\">Contacto directo<\/b>: Te invitamos a <b data-path-to-node=\"16,1,0\" data-index-in-node=\"33\">escribirnos por WhatsApp<\/b> para recibir un presupuesto personalizado y consultar los plazos de entrega en Madrid Centro.<\/p>\n<\/li>\n<\/ul>\n","protected":false},"excerpt":{"rendered":"<p>C\u00f3moda de dormitorio RM13: Gran capacidad en Madrid Centro<\/p>\n","protected":false},"featured_media":5215,"comment_status":"open","ping_status":"closed","template":"","meta":{"_uf_show_specific_survey":0,"_uf_disable_surveys":false,"_joinchat":[]},"product_brand":[],"product_cat":[137,136,122,80],"product_tag":[],"class_list":{"0":"post-5213","1":"product","2":"type-product","3":"status-publish","4":"has-post-thumbnail","6":"product_cat-comodas","7":"product_cat-comodas-sinfonieres","8":"product_cat-dormitorio","9":"product_cat-mobiliario","11":"first","12":"instock","13":"shipping-taxable","14":"product-type-simple"},"yoast_head":"<!-- This site is optimized with the Yoast SEO plugin v27.2 - https:\/\/yoast.com\/product\/yoast-seo-wordpress\/ -->\n<title>C\u00f3moda de dormitorio RM13 | Madrid Centro | 3 Medidas<\/title>\n<meta name=\"description\" content=\"Compra tu c\u00f3moda de dormitorio RM13 en Madrid Centro. Disponible en 80, 100 y 120 cm. Acabados Artisan, Polar y Roble con detalles \u00c9bano.\" \/>\n<meta name=\"robots\" content=\"index, follow, max-snippet:-1, max-image-preview:large, max-video-preview:-1\" \/>\n<link rel=\"canonical\" href=\"https:\/\/makumobel.es\/muebles-colchones-madrid\/producto\/comoda-dormitorio-rm13\/\" \/>\n<meta property=\"og:locale\" content=\"es_ES\" \/>\n<meta property=\"og:type\" content=\"article\" \/>\n<meta property=\"og:title\" content=\"C\u00f3moda de dormitorio RM13 | Madrid Centro | 3 Medidas\" \/>\n<meta property=\"og:description\" content=\"Compra tu c\u00f3moda de dormitorio RM13 en Madrid Centro. Disponible en 80, 100 y 120 cm. Acabados Artisan, Polar y Roble con detalles \u00c9bano.\" \/>\n<meta property=\"og:url\" content=\"https:\/\/makumobel.es\/muebles-colchones-madrid\/producto\/comoda-dormitorio-rm13\/\" \/>\n<meta property=\"og:site_name\" content=\"MakuMobel\" \/>\n<meta property=\"article:publisher\" content=\"https:\/\/www.facebook.com\/MueblesMakumobel?locale=es_ES\" \/>\n<meta property=\"og:image\" content=\"https:\/\/makumobel.es\/muebles-colchones-madrid\/wp-content\/uploads\/2026\/02\/25.jpg\" \/>\n\t<meta property=\"og:image:width\" content=\"1064\" \/>\n\t<meta property=\"og:image:height\" content=\"1064\" \/>\n\t<meta property=\"og:image:type\" content=\"image\/jpeg\" \/>\n<meta name=\"twitter:card\" content=\"summary_large_image\" \/>\n<meta name=\"twitter:label1\" content=\"Tiempo de lectura\" \/>\n\t<meta name=\"twitter:data1\" content=\"2 minutos\" \/>\n<script type=\"application\/ld+json\" class=\"yoast-schema-graph\">{\"@context\":\"https:\/\/schema.org\",\"@graph\":[{\"@type\":\"WebPage\",\"@id\":\"https:\/\/makumobel.es\/muebles-colchones-madrid\/producto\/comoda-dormitorio-rm13\/\",\"url\":\"https:\/\/makumobel.es\/muebles-colchones-madrid\/producto\/comoda-dormitorio-rm13\/\",\"name\":\"C\u00f3moda de dormitorio RM13 | Madrid Centro | 3 Medidas\",\"isPartOf\":{\"@id\":\"https:\/\/makumobel.es\/muebles-colchones-madrid\/#website\"},\"primaryImageOfPage\":{\"@id\":\"https:\/\/makumobel.es\/muebles-colchones-madrid\/producto\/comoda-dormitorio-rm13\/#primaryimage\"},\"image\":{\"@id\":\"https:\/\/makumobel.es\/muebles-colchones-madrid\/producto\/comoda-dormitorio-rm13\/#primaryimage\"},\"thumbnailUrl\":\"https:\/\/i0.wp.com\/makumobel.es\/muebles-colchones-madrid\/wp-content\/uploads\/2026\/02\/25.webp?fit=1064%2C1064&ssl=1\",\"datePublished\":\"2026-02-03T21:37:07+00:00\",\"description\":\"Compra tu c\u00f3moda de dormitorio RM13 en Madrid Centro. Disponible en 80, 100 y 120 cm. Acabados Artisan, Polar y Roble con detalles \u00c9bano.\",\"breadcrumb\":{\"@id\":\"https:\/\/makumobel.es\/muebles-colchones-madrid\/producto\/comoda-dormitorio-rm13\/#breadcrumb\"},\"inLanguage\":\"es\",\"potentialAction\":[{\"@type\":\"ReadAction\",\"target\":[\"https:\/\/makumobel.es\/muebles-colchones-madrid\/producto\/comoda-dormitorio-rm13\/\"]}]},{\"@type\":\"ImageObject\",\"inLanguage\":\"es\",\"@id\":\"https:\/\/makumobel.es\/muebles-colchones-madrid\/producto\/comoda-dormitorio-rm13\/#primaryimage\",\"url\":\"https:\/\/i0.wp.com\/makumobel.es\/muebles-colchones-madrid\/wp-content\/uploads\/2026\/02\/25.webp?fit=1064%2C1064&ssl=1\",\"contentUrl\":\"https:\/\/i0.wp.com\/makumobel.es\/muebles-colchones-madrid\/wp-content\/uploads\/2026\/02\/25.webp?fit=1064%2C1064&ssl=1\",\"width\":1064,\"height\":1064,\"caption\":\"C\u00f3moda de dormitorio RM13 de 80 cm en color Artisan con detalles \u00c9bano en Madrid Centro.\"},{\"@type\":\"BreadcrumbList\",\"@id\":\"https:\/\/makumobel.es\/muebles-colchones-madrid\/producto\/comoda-dormitorio-rm13\/#breadcrumb\",\"itemListElement\":[{\"@type\":\"ListItem\",\"position\":1,\"name\":\"Portada\",\"item\":\"https:\/\/makumobel.es\/muebles-colchones-madrid\/\"},{\"@type\":\"ListItem\",\"position\":2,\"name\":\"Tienda\",\"item\":\"https:\/\/makumobel.es\/muebles-colchones-madrid\/?page_id=4199\"},{\"@type\":\"ListItem\",\"position\":3,\"name\":\"C\u00f3moda de dormitorio RM13\"}]},{\"@type\":\"WebSite\",\"@id\":\"https:\/\/makumobel.es\/muebles-colchones-madrid\/#website\",\"url\":\"https:\/\/makumobel.es\/muebles-colchones-madrid\/\",\"name\":\"MakuMobel\",\"description\":\"\",\"publisher\":{\"@id\":\"https:\/\/makumobel.es\/muebles-colchones-madrid\/#organization\"},\"potentialAction\":[{\"@type\":\"SearchAction\",\"target\":{\"@type\":\"EntryPoint\",\"urlTemplate\":\"https:\/\/makumobel.es\/muebles-colchones-madrid\/?s={search_term_string}\"},\"query-input\":{\"@type\":\"PropertyValueSpecification\",\"valueRequired\":true,\"valueName\":\"search_term_string\"}}],\"inLanguage\":\"es\"},{\"@type\":\"Organization\",\"@id\":\"https:\/\/makumobel.es\/muebles-colchones-madrid\/#organization\",\"name\":\"MakuMobel\",\"url\":\"https:\/\/makumobel.es\/muebles-colchones-madrid\/\",\"logo\":{\"@type\":\"ImageObject\",\"inLanguage\":\"es\",\"@id\":\"https:\/\/makumobel.es\/muebles-colchones-madrid\/#\/schema\/logo\/image\/\",\"url\":\"https:\/\/makumobel.es\/muebles-colchones-madrid\/wp-content\/uploads\/2024\/03\/logo-280-px.jpg\",\"contentUrl\":\"https:\/\/makumobel.es\/muebles-colchones-madrid\/wp-content\/uploads\/2024\/03\/logo-280-px.jpg\",\"width\":280,\"height\":139,\"caption\":\"MakuMobel\"},\"image\":{\"@id\":\"https:\/\/makumobel.es\/muebles-colchones-madrid\/#\/schema\/logo\/image\/\"},\"sameAs\":[\"https:\/\/www.facebook.com\/MueblesMakumobel?locale=es_ES\",\"https:\/\/www.instagram.com\/makumobel\/\"]}]}<\/script>\n<!-- \/ Yoast SEO plugin. -->","yoast_head_json":{"title":"C\u00f3moda de dormitorio RM13 | Madrid Centro | 3 Medidas","description":"Compra tu c\u00f3moda de dormitorio RM13 en Madrid Centro. Disponible en 80, 100 y 120 cm. Acabados Artisan, Polar y Roble con detalles \u00c9bano.","robots":{"index":"index","follow":"follow","max-snippet":"max-snippet:-1","max-image-preview":"max-image-preview:large","max-video-preview":"max-video-preview:-1"},"canonical":"https:\/\/makumobel.es\/muebles-colchones-madrid\/producto\/comoda-dormitorio-rm13\/","og_locale":"es_ES","og_type":"article","og_title":"C\u00f3moda de dormitorio RM13 | Madrid Centro | 3 Medidas","og_description":"Compra tu c\u00f3moda de dormitorio RM13 en Madrid Centro. Disponible en 80, 100 y 120 cm. Acabados Artisan, Polar y Roble con detalles \u00c9bano.","og_url":"https:\/\/makumobel.es\/muebles-colchones-madrid\/producto\/comoda-dormitorio-rm13\/","og_site_name":"MakuMobel","article_publisher":"https:\/\/www.facebook.com\/MueblesMakumobel?locale=es_ES","og_image":[{"width":1064,"height":1064,"url":"https:\/\/makumobel.es\/muebles-colchones-madrid\/wp-content\/uploads\/2026\/02\/25.jpg","type":"image\/jpeg"}],"twitter_card":"summary_large_image","twitter_misc":{"Tiempo de lectura":"2 minutos"},"schema":{"@context":"https:\/\/schema.org","@graph":[{"@type":"WebPage","@id":"https:\/\/makumobel.es\/muebles-colchones-madrid\/producto\/comoda-dormitorio-rm13\/","url":"https:\/\/makumobel.es\/muebles-colchones-madrid\/producto\/comoda-dormitorio-rm13\/","name":"C\u00f3moda de dormitorio RM13 | Madrid Centro | 3 Medidas","isPartOf":{"@id":"https:\/\/makumobel.es\/muebles-colchones-madrid\/#website"},"primaryImageOfPage":{"@id":"https:\/\/makumobel.es\/muebles-colchones-madrid\/producto\/comoda-dormitorio-rm13\/#primaryimage"},"image":{"@id":"https:\/\/makumobel.es\/muebles-colchones-madrid\/producto\/comoda-dormitorio-rm13\/#primaryimage"},"thumbnailUrl":"https:\/\/i0.wp.com\/makumobel.es\/muebles-colchones-madrid\/wp-content\/uploads\/2026\/02\/25.webp?fit=1064%2C1064&ssl=1","datePublished":"2026-02-03T21:37:07+00:00","description":"Compra tu c\u00f3moda de dormitorio RM13 en Madrid Centro. Disponible en 80, 100 y 120 cm. Acabados Artisan, Polar y Roble con detalles \u00c9bano.","breadcrumb":{"@id":"https:\/\/makumobel.es\/muebles-colchones-madrid\/producto\/comoda-dormitorio-rm13\/#breadcrumb"},"inLanguage":"es","potentialAction":[{"@type":"ReadAction","target":["https:\/\/makumobel.es\/muebles-colchones-madrid\/producto\/comoda-dormitorio-rm13\/"]}]},{"@type":"ImageObject","inLanguage":"es","@id":"https:\/\/makumobel.es\/muebles-colchones-madrid\/producto\/comoda-dormitorio-rm13\/#primaryimage","url":"https:\/\/i0.wp.com\/makumobel.es\/muebles-colchones-madrid\/wp-content\/uploads\/2026\/02\/25.webp?fit=1064%2C1064&ssl=1","contentUrl":"https:\/\/i0.wp.com\/makumobel.es\/muebles-colchones-madrid\/wp-content\/uploads\/2026\/02\/25.webp?fit=1064%2C1064&ssl=1","width":1064,"height":1064,"caption":"C\u00f3moda de dormitorio RM13 de 80 cm en color Artisan con detalles \u00c9bano en Madrid Centro."},{"@type":"BreadcrumbList","@id":"https:\/\/makumobel.es\/muebles-colchones-madrid\/producto\/comoda-dormitorio-rm13\/#breadcrumb","itemListElement":[{"@type":"ListItem","position":1,"name":"Portada","item":"https:\/\/makumobel.es\/muebles-colchones-madrid\/"},{"@type":"ListItem","position":2,"name":"Tienda","item":"https:\/\/makumobel.es\/muebles-colchones-madrid\/?page_id=4199"},{"@type":"ListItem","position":3,"name":"C\u00f3moda de dormitorio RM13"}]},{"@type":"WebSite","@id":"https:\/\/makumobel.es\/muebles-colchones-madrid\/#website","url":"https:\/\/makumobel.es\/muebles-colchones-madrid\/","name":"MakuMobel","description":"","publisher":{"@id":"https:\/\/makumobel.es\/muebles-colchones-madrid\/#organization"},"potentialAction":[{"@type":"SearchAction","target":{"@type":"EntryPoint","urlTemplate":"https:\/\/makumobel.es\/muebles-colchones-madrid\/?s={search_term_string}"},"query-input":{"@type":"PropertyValueSpecification","valueRequired":true,"valueName":"search_term_string"}}],"inLanguage":"es"},{"@type":"Organization","@id":"https:\/\/makumobel.es\/muebles-colchones-madrid\/#organization","name":"MakuMobel","url":"https:\/\/makumobel.es\/muebles-colchones-madrid\/","logo":{"@type":"ImageObject","inLanguage":"es","@id":"https:\/\/makumobel.es\/muebles-colchones-madrid\/#\/schema\/logo\/image\/","url":"https:\/\/makumobel.es\/muebles-colchones-madrid\/wp-content\/uploads\/2024\/03\/logo-280-px.jpg","contentUrl":"https:\/\/makumobel.es\/muebles-colchones-madrid\/wp-content\/uploads\/2024\/03\/logo-280-px.jpg","width":280,"height":139,"caption":"MakuMobel"},"image":{"@id":"https:\/\/makumobel.es\/muebles-colchones-madrid\/#\/schema\/logo\/image\/"},"sameAs":["https:\/\/www.facebook.com\/MueblesMakumobel?locale=es_ES","https:\/\/www.instagram.com\/makumobel\/"]}]}},"_links":{"self":[{"href":"https:\/\/makumobel.es\/muebles-colchones-madrid\/wp-json\/wp\/v2\/product\/5213","targetHints":{"allow":["GET"]}}],"collection":[{"href":"https:\/\/makumobel.es\/muebles-colchones-madrid\/wp-json\/wp\/v2\/product"}],"about":[{"href":"https:\/\/makumobel.es\/muebles-colchones-madrid\/wp-json\/wp\/v2\/types\/product"}],"replies":[{"embeddable":true,"href":"https:\/\/makumobel.es\/muebles-colchones-madrid\/wp-json\/wp\/v2\/comments?post=5213"}],"wp:featuredmedia":[{"embeddable":true,"href":"https:\/\/makumobel.es\/muebles-colchones-madrid\/wp-json\/wp\/v2\/media\/5215"}],"wp:attachment":[{"href":"https:\/\/makumobel.es\/muebles-colchones-madrid\/wp-json\/wp\/v2\/media?parent=5213"}],"wp:term":[{"taxonomy":"product_brand","embeddable":true,"href":"https:\/\/makumobel.es\/muebles-colchones-madrid\/wp-json\/wp\/v2\/product_brand?post=5213"},{"taxonomy":"product_cat","embeddable":true,"href":"https:\/\/makumobel.es\/muebles-colchones-madrid\/wp-json\/wp\/v2\/product_cat?post=5213"},{"taxonomy":"product_tag","embeddable":true,"href":"https:\/\/makumobel.es\/muebles-colchones-madrid\/wp-json\/wp\/v2\/product_tag?post=5213"}],"curies":[{"name":"wp","href":"https:\/\/api.w.org\/{rel}","templated":true}]}}