{"id":6347,"date":"2026-04-08T12:54:45","date_gmt":"2026-04-08T10:54:45","guid":{"rendered":"https:\/\/makumobel.es\/muebles-colchones-madrid\/?post_type=product&#038;p=6347"},"modified":"2026-04-08T12:54:46","modified_gmt":"2026-04-08T10:54:46","slug":"aparador-modelo-48928-acabado-perla-casual","status":"publish","type":"product","link":"https:\/\/makumobel.es\/muebles-colchones-madrid\/producto\/aparador-modelo-48928-acabado-perla-casual\/","title":{"rendered":"Aparador Modelo 48928"},"content":{"rendered":"<p data-path-to-node=\"7\">El <b data-path-to-node=\"7\" data-index-in-node=\"3\">Aparador Modelo 48928<\/b> es la soluci\u00f3n perfecta para quienes necesitan un mueble con gran presencia y capacidad sin renunciar a una est\u00e9tica ligera. Ciertamente, su combinaci\u00f3n de puertas, cajones y una elegante secci\u00f3n de vitrina permite organizar el sal\u00f3n con total comodidad. Presentado en una armoniosa combinaci\u00f3n de acabados <b data-path-to-node=\"7\" data-index-in-node=\"332\">Perla y Casual<\/b>, este mueble se adapta con naturalidad a decoraciones de estilo minimalista o industrial.<\/p>\n<h3 data-path-to-node=\"8\">Caracter\u00edsticas Principales y Personalizaci\u00f3n<\/h3>\n<p data-path-to-node=\"9\">En primer lugar, este modelo destaca por su generoso tama\u00f1o y su atenci\u00f3n al detalle t\u00e9cnico. Por otro lado, la flexibilidad es su mayor ventaja, permitiendo integrarse en cualquier proyecto de interiorismo en <b data-path-to-node=\"9\" data-index-in-node=\"210\">Madrid Centro<\/b>:<\/p>\n<ul data-path-to-node=\"10\">\n<li>\n<p data-path-to-node=\"10,0,1\"><span data-path-to-node=\"10,0,1,0\"><b data-path-to-node=\"10,0,1,0\" data-index-in-node=\"0\"><span class=\"citation-91\">Dimensiones Est\u00e1ndar<\/span><\/b><span class=\"citation-91\">: Medidas de <\/span><b data-path-to-node=\"10,0,1,0\" data-index-in-node=\"33\"><span class=\"citation-91\">180 x 88 x 44 cm<\/span><\/b><span class=\"citation-91\">, proporcionando una superficie amplia y un almacenamiento profundo<\/span><\/span><span data-path-to-node=\"10,0,1,2\">.<\/span><\/p>\n<div class=\"source-inline-chip-container ng-star-inserted\"><\/div>\n<\/li>\n<li>\n<p data-path-to-node=\"10,1,1\"><span data-path-to-node=\"10,1,1,0\"><b data-path-to-node=\"10,1,1,0\" data-index-in-node=\"0\"><span class=\"citation-90\">Acabados de Exposici\u00f3n<\/span><\/b><span class=\"citation-90\">: Disponible en tonos <\/span><b data-path-to-node=\"10,1,1,0\" data-index-in-node=\"44\"><span class=\"citation-90\">Perla y Casual<\/span><\/b><span class=\"citation-90\">, que resaltan la veta natural de la madera en contraste con frentes claros<\/span><\/span><span data-path-to-node=\"10,1,1,2\">.<\/span><\/p>\n<div class=\"source-inline-chip-container ng-star-inserted\"><\/div>\n<\/li>\n<li>\n<p data-path-to-node=\"10,2,1\"><span data-path-to-node=\"10,2,1,0\"><b data-path-to-node=\"10,2,1,0\" data-index-in-node=\"0\"><span class=\"citation-89\">Fabricaci\u00f3n a Medida<\/span><\/b><span class=\"citation-89\">: Se pueden realizar <\/span><b data-path-to-node=\"10,2,1,0\" data-index-in-node=\"41\"><span class=\"citation-89\">diferentes medidas<\/span><\/b><span class=\"citation-89\"> para aprovechar al m\u00e1ximo cada rinc\u00f3n de tu estancia<\/span><\/span><span data-path-to-node=\"10,2,1,2\">.<\/span><\/p>\n<div class=\"source-inline-chip-container ng-star-inserted\"><\/div>\n<\/li>\n<li>\n<p data-path-to-node=\"10,3,1\"><span data-path-to-node=\"10,3,1,0\"><b data-path-to-node=\"10,3,1,0\" data-index-in-node=\"0\"><span class=\"citation-88\">Variedad de Colores<\/span><\/b><span class=\"citation-88\">: Existe la posibilidad de solicitar <\/span><b data-path-to-node=\"10,3,1,0\" data-index-in-node=\"56\"><span class=\"citation-88\">otros acabados<\/span><\/b><span class=\"citation-88\"> para coordinar el aparador con el resto de tu mobiliario actual<\/span><\/span><span data-path-to-node=\"10,3,1,2\">.<\/span><\/p>\n<div class=\"source-inline-chip-container ng-star-inserted\"><\/div>\n<\/li>\n<li>\n<p data-path-to-node=\"10,4,0\"><b data-path-to-node=\"10,4,0\" data-index-in-node=\"0\">Detalles Premium<\/b>: Incluye una vitrina con marco oscuro y estante de cristal que aporta un toque de sofisticaci\u00f3n para exponer objetos decorativos.<\/p>\n<\/li>\n<\/ul>\n<h3 data-path-to-node=\"11\">\u00bfPor qu\u00e9 elegir este aparador en nuestra exposici\u00f3n de Madrid?<\/h3>\n<p data-path-to-node=\"12\">Actualmente, el <b data-path-to-node=\"12\" data-index-in-node=\"16\">Aparador Modelo 48928<\/b> es una de las piezas m\u00e1s solicitadas por su equilibrio entre altura y fondo. Debido a que las puertas cuentan con sistemas de cierre suave y materiales de alta densidad, se garantiza una larga vida \u00fatil incluso con uso diario intenso. Por lo tanto, si buscas un mueble que sea el centro de tu comedor y que adem\u00e1s puedas personalizar por completo, este modelo es la elecci\u00f3n definitiva.<\/p>\n<p data-path-to-node=\"13\"><b data-path-to-node=\"13\" data-index-in-node=\"0\">En conclusi\u00f3n<\/b>, es una pieza funcional de fabricaci\u00f3n impecable que ahora puedes configurar a tu gusto.<\/p>\n","protected":false},"excerpt":{"rendered":"<p>Aparador Modelo 48928: Versatilidad y Dise\u00f1o Contempor\u00e1neo<\/p>\n","protected":false},"featured_media":6348,"comment_status":"open","ping_status":"closed","template":"","meta":{"_uf_show_specific_survey":0,"_uf_disable_surveys":false,"_joinchat":[]},"product_brand":[],"product_cat":[110,109,80,81],"product_tag":[],"class_list":{"0":"post-6347","1":"product","2":"type-product","3":"status-publish","4":"has-post-thumbnail","6":"product_cat-aparadores-buffets","7":"product_cat-aparadores-vitrinas","8":"product_cat-mobiliario","9":"product_cat-salon-comedor","11":"first","12":"instock","13":"shipping-taxable","14":"product-type-simple"},"yoast_head":"<!-- This site is optimized with the Yoast SEO plugin v27.2 - https:\/\/yoast.com\/product\/yoast-seo-wordpress\/ -->\n<title>Aparador Modelo 48928 | Mueble de Sal\u00f3n Moderno en Madrid<\/title>\n<meta name=\"description\" content=\"Aparador modelo 48928 en Madrid. Medidas 180x88x44 cm en acabados Perla y Casual. Personalizable en colores y medidas. \u00a1Calidad y dise\u00f1o para tu hogar!\" \/>\n<meta name=\"robots\" content=\"index, follow, max-snippet:-1, max-image-preview:large, max-video-preview:-1\" \/>\n<link rel=\"canonical\" href=\"https:\/\/makumobel.es\/muebles-colchones-madrid\/producto\/aparador-modelo-48928-acabado-perla-casual\/\" \/>\n<meta property=\"og:locale\" content=\"es_ES\" \/>\n<meta property=\"og:type\" content=\"article\" \/>\n<meta property=\"og:title\" content=\"Aparador Modelo 48928 | Mueble de Sal\u00f3n Moderno en Madrid\" \/>\n<meta property=\"og:description\" content=\"Aparador modelo 48928 en Madrid. Medidas 180x88x44 cm en acabados Perla y Casual. Personalizable en colores y medidas. \u00a1Calidad y dise\u00f1o para tu hogar!\" \/>\n<meta property=\"og:url\" content=\"https:\/\/makumobel.es\/muebles-colchones-madrid\/producto\/aparador-modelo-48928-acabado-perla-casual\/\" \/>\n<meta property=\"og:site_name\" content=\"MakuMobel\" \/>\n<meta property=\"article:publisher\" content=\"https:\/\/www.facebook.com\/MueblesMakumobel?locale=es_ES\" \/>\n<meta property=\"article:modified_time\" content=\"2026-04-08T10:54:46+00:00\" \/>\n<meta property=\"og:image\" content=\"https:\/\/makumobel.es\/muebles-colchones-madrid\/wp-content\/uploads\/2026\/04\/AP48928-ZION.webp\" \/>\n\t<meta property=\"og:image:width\" content=\"1200\" \/>\n\t<meta property=\"og:image:height\" content=\"849\" \/>\n\t<meta property=\"og:image:type\" content=\"image\/jpeg\" \/>\n<meta name=\"twitter:card\" content=\"summary_large_image\" \/>\n<meta name=\"twitter:label1\" content=\"Tiempo de lectura\" \/>\n\t<meta name=\"twitter:data1\" content=\"2 minutos\" \/>\n<script type=\"application\/ld+json\" class=\"yoast-schema-graph\">{\"@context\":\"https:\/\/schema.org\",\"@graph\":[{\"@type\":\"WebPage\",\"@id\":\"https:\/\/makumobel.es\/muebles-colchones-madrid\/producto\/aparador-modelo-48928-acabado-perla-casual\/\",\"url\":\"https:\/\/makumobel.es\/muebles-colchones-madrid\/producto\/aparador-modelo-48928-acabado-perla-casual\/\",\"name\":\"Aparador Modelo 48928 | Mueble de Sal\u00f3n Moderno en Madrid\",\"isPartOf\":{\"@id\":\"https:\/\/makumobel.es\/muebles-colchones-madrid\/#website\"},\"primaryImageOfPage\":{\"@id\":\"https:\/\/makumobel.es\/muebles-colchones-madrid\/producto\/aparador-modelo-48928-acabado-perla-casual\/#primaryimage\"},\"image\":{\"@id\":\"https:\/\/makumobel.es\/muebles-colchones-madrid\/producto\/aparador-modelo-48928-acabado-perla-casual\/#primaryimage\"},\"thumbnailUrl\":\"https:\/\/i0.wp.com\/makumobel.es\/muebles-colchones-madrid\/wp-content\/uploads\/2026\/04\/AP48928-ZION.webp?fit=1200%2C849&ssl=1\",\"datePublished\":\"2026-04-08T10:54:45+00:00\",\"dateModified\":\"2026-04-08T10:54:46+00:00\",\"description\":\"Aparador modelo 48928 en Madrid. Medidas 180x88x44 cm en acabados Perla y Casual. Personalizable en colores y medidas. \u00a1Calidad y dise\u00f1o para tu hogar!\",\"breadcrumb\":{\"@id\":\"https:\/\/makumobel.es\/muebles-colchones-madrid\/producto\/aparador-modelo-48928-acabado-perla-casual\/#breadcrumb\"},\"inLanguage\":\"es\",\"potentialAction\":[{\"@type\":\"ReadAction\",\"target\":[\"https:\/\/makumobel.es\/muebles-colchones-madrid\/producto\/aparador-modelo-48928-acabado-perla-casual\/\"]}]},{\"@type\":\"ImageObject\",\"inLanguage\":\"es\",\"@id\":\"https:\/\/makumobel.es\/muebles-colchones-madrid\/producto\/aparador-modelo-48928-acabado-perla-casual\/#primaryimage\",\"url\":\"https:\/\/i0.wp.com\/makumobel.es\/muebles-colchones-madrid\/wp-content\/uploads\/2026\/04\/AP48928-ZION.webp?fit=1200%2C849&ssl=1\",\"contentUrl\":\"https:\/\/i0.wp.com\/makumobel.es\/muebles-colchones-madrid\/wp-content\/uploads\/2026\/04\/AP48928-ZION.webp?fit=1200%2C849&ssl=1\",\"width\":1200,\"height\":849,\"caption\":\"Aparador moderno modelo 48928 en acabados perla y casual de 180cm de ancho.\"},{\"@type\":\"BreadcrumbList\",\"@id\":\"https:\/\/makumobel.es\/muebles-colchones-madrid\/producto\/aparador-modelo-48928-acabado-perla-casual\/#breadcrumb\",\"itemListElement\":[{\"@type\":\"ListItem\",\"position\":1,\"name\":\"Portada\",\"item\":\"https:\/\/makumobel.es\/muebles-colchones-madrid\/\"},{\"@type\":\"ListItem\",\"position\":2,\"name\":\"Tienda\",\"item\":\"https:\/\/makumobel.es\/muebles-colchones-madrid\/?page_id=4199\"},{\"@type\":\"ListItem\",\"position\":3,\"name\":\"Aparador Modelo 48928\"}]},{\"@type\":\"WebSite\",\"@id\":\"https:\/\/makumobel.es\/muebles-colchones-madrid\/#website\",\"url\":\"https:\/\/makumobel.es\/muebles-colchones-madrid\/\",\"name\":\"MakuMobel\",\"description\":\"\",\"publisher\":{\"@id\":\"https:\/\/makumobel.es\/muebles-colchones-madrid\/#organization\"},\"potentialAction\":[{\"@type\":\"SearchAction\",\"target\":{\"@type\":\"EntryPoint\",\"urlTemplate\":\"https:\/\/makumobel.es\/muebles-colchones-madrid\/?s={search_term_string}\"},\"query-input\":{\"@type\":\"PropertyValueSpecification\",\"valueRequired\":true,\"valueName\":\"search_term_string\"}}],\"inLanguage\":\"es\"},{\"@type\":\"Organization\",\"@id\":\"https:\/\/makumobel.es\/muebles-colchones-madrid\/#organization\",\"name\":\"MakuMobel\",\"url\":\"https:\/\/makumobel.es\/muebles-colchones-madrid\/\",\"logo\":{\"@type\":\"ImageObject\",\"inLanguage\":\"es\",\"@id\":\"https:\/\/makumobel.es\/muebles-colchones-madrid\/#\/schema\/logo\/image\/\",\"url\":\"https:\/\/makumobel.es\/muebles-colchones-madrid\/wp-content\/uploads\/2024\/03\/logo-280-px.jpg\",\"contentUrl\":\"https:\/\/makumobel.es\/muebles-colchones-madrid\/wp-content\/uploads\/2024\/03\/logo-280-px.jpg\",\"width\":280,\"height\":139,\"caption\":\"MakuMobel\"},\"image\":{\"@id\":\"https:\/\/makumobel.es\/muebles-colchones-madrid\/#\/schema\/logo\/image\/\"},\"sameAs\":[\"https:\/\/www.facebook.com\/MueblesMakumobel?locale=es_ES\",\"https:\/\/www.instagram.com\/makumobel\/\"]}]}<\/script>\n<!-- \/ Yoast SEO plugin. -->","yoast_head_json":{"title":"Aparador Modelo 48928 | Mueble de Sal\u00f3n Moderno en Madrid","description":"Aparador modelo 48928 en Madrid. Medidas 180x88x44 cm en acabados Perla y Casual. Personalizable en colores y medidas. \u00a1Calidad y dise\u00f1o para tu hogar!","robots":{"index":"index","follow":"follow","max-snippet":"max-snippet:-1","max-image-preview":"max-image-preview:large","max-video-preview":"max-video-preview:-1"},"canonical":"https:\/\/makumobel.es\/muebles-colchones-madrid\/producto\/aparador-modelo-48928-acabado-perla-casual\/","og_locale":"es_ES","og_type":"article","og_title":"Aparador Modelo 48928 | Mueble de Sal\u00f3n Moderno en Madrid","og_description":"Aparador modelo 48928 en Madrid. Medidas 180x88x44 cm en acabados Perla y Casual. Personalizable en colores y medidas. \u00a1Calidad y dise\u00f1o para tu hogar!","og_url":"https:\/\/makumobel.es\/muebles-colchones-madrid\/producto\/aparador-modelo-48928-acabado-perla-casual\/","og_site_name":"MakuMobel","article_publisher":"https:\/\/www.facebook.com\/MueblesMakumobel?locale=es_ES","article_modified_time":"2026-04-08T10:54:46+00:00","og_image":[{"width":1200,"height":849,"url":"https:\/\/makumobel.es\/muebles-colchones-madrid\/wp-content\/uploads\/2026\/04\/AP48928-ZION.webp","type":"image\/jpeg"}],"twitter_card":"summary_large_image","twitter_misc":{"Tiempo de lectura":"2 minutos"},"schema":{"@context":"https:\/\/schema.org","@graph":[{"@type":"WebPage","@id":"https:\/\/makumobel.es\/muebles-colchones-madrid\/producto\/aparador-modelo-48928-acabado-perla-casual\/","url":"https:\/\/makumobel.es\/muebles-colchones-madrid\/producto\/aparador-modelo-48928-acabado-perla-casual\/","name":"Aparador Modelo 48928 | Mueble de Sal\u00f3n Moderno en Madrid","isPartOf":{"@id":"https:\/\/makumobel.es\/muebles-colchones-madrid\/#website"},"primaryImageOfPage":{"@id":"https:\/\/makumobel.es\/muebles-colchones-madrid\/producto\/aparador-modelo-48928-acabado-perla-casual\/#primaryimage"},"image":{"@id":"https:\/\/makumobel.es\/muebles-colchones-madrid\/producto\/aparador-modelo-48928-acabado-perla-casual\/#primaryimage"},"thumbnailUrl":"https:\/\/i0.wp.com\/makumobel.es\/muebles-colchones-madrid\/wp-content\/uploads\/2026\/04\/AP48928-ZION.webp?fit=1200%2C849&ssl=1","datePublished":"2026-04-08T10:54:45+00:00","dateModified":"2026-04-08T10:54:46+00:00","description":"Aparador modelo 48928 en Madrid. Medidas 180x88x44 cm en acabados Perla y Casual. Personalizable en colores y medidas. \u00a1Calidad y dise\u00f1o para tu hogar!","breadcrumb":{"@id":"https:\/\/makumobel.es\/muebles-colchones-madrid\/producto\/aparador-modelo-48928-acabado-perla-casual\/#breadcrumb"},"inLanguage":"es","potentialAction":[{"@type":"ReadAction","target":["https:\/\/makumobel.es\/muebles-colchones-madrid\/producto\/aparador-modelo-48928-acabado-perla-casual\/"]}]},{"@type":"ImageObject","inLanguage":"es","@id":"https:\/\/makumobel.es\/muebles-colchones-madrid\/producto\/aparador-modelo-48928-acabado-perla-casual\/#primaryimage","url":"https:\/\/i0.wp.com\/makumobel.es\/muebles-colchones-madrid\/wp-content\/uploads\/2026\/04\/AP48928-ZION.webp?fit=1200%2C849&ssl=1","contentUrl":"https:\/\/i0.wp.com\/makumobel.es\/muebles-colchones-madrid\/wp-content\/uploads\/2026\/04\/AP48928-ZION.webp?fit=1200%2C849&ssl=1","width":1200,"height":849,"caption":"Aparador moderno modelo 48928 en acabados perla y casual de 180cm de ancho."},{"@type":"BreadcrumbList","@id":"https:\/\/makumobel.es\/muebles-colchones-madrid\/producto\/aparador-modelo-48928-acabado-perla-casual\/#breadcrumb","itemListElement":[{"@type":"ListItem","position":1,"name":"Portada","item":"https:\/\/makumobel.es\/muebles-colchones-madrid\/"},{"@type":"ListItem","position":2,"name":"Tienda","item":"https:\/\/makumobel.es\/muebles-colchones-madrid\/?page_id=4199"},{"@type":"ListItem","position":3,"name":"Aparador Modelo 48928"}]},{"@type":"WebSite","@id":"https:\/\/makumobel.es\/muebles-colchones-madrid\/#website","url":"https:\/\/makumobel.es\/muebles-colchones-madrid\/","name":"MakuMobel","description":"","publisher":{"@id":"https:\/\/makumobel.es\/muebles-colchones-madrid\/#organization"},"potentialAction":[{"@type":"SearchAction","target":{"@type":"EntryPoint","urlTemplate":"https:\/\/makumobel.es\/muebles-colchones-madrid\/?s={search_term_string}"},"query-input":{"@type":"PropertyValueSpecification","valueRequired":true,"valueName":"search_term_string"}}],"inLanguage":"es"},{"@type":"Organization","@id":"https:\/\/makumobel.es\/muebles-colchones-madrid\/#organization","name":"MakuMobel","url":"https:\/\/makumobel.es\/muebles-colchones-madrid\/","logo":{"@type":"ImageObject","inLanguage":"es","@id":"https:\/\/makumobel.es\/muebles-colchones-madrid\/#\/schema\/logo\/image\/","url":"https:\/\/makumobel.es\/muebles-colchones-madrid\/wp-content\/uploads\/2024\/03\/logo-280-px.jpg","contentUrl":"https:\/\/makumobel.es\/muebles-colchones-madrid\/wp-content\/uploads\/2024\/03\/logo-280-px.jpg","width":280,"height":139,"caption":"MakuMobel"},"image":{"@id":"https:\/\/makumobel.es\/muebles-colchones-madrid\/#\/schema\/logo\/image\/"},"sameAs":["https:\/\/www.facebook.com\/MueblesMakumobel?locale=es_ES","https:\/\/www.instagram.com\/makumobel\/"]}]}},"_links":{"self":[{"href":"https:\/\/makumobel.es\/muebles-colchones-madrid\/wp-json\/wp\/v2\/product\/6347","targetHints":{"allow":["GET"]}}],"collection":[{"href":"https:\/\/makumobel.es\/muebles-colchones-madrid\/wp-json\/wp\/v2\/product"}],"about":[{"href":"https:\/\/makumobel.es\/muebles-colchones-madrid\/wp-json\/wp\/v2\/types\/product"}],"replies":[{"embeddable":true,"href":"https:\/\/makumobel.es\/muebles-colchones-madrid\/wp-json\/wp\/v2\/comments?post=6347"}],"wp:featuredmedia":[{"embeddable":true,"href":"https:\/\/makumobel.es\/muebles-colchones-madrid\/wp-json\/wp\/v2\/media\/6348"}],"wp:attachment":[{"href":"https:\/\/makumobel.es\/muebles-colchones-madrid\/wp-json\/wp\/v2\/media?parent=6347"}],"wp:term":[{"taxonomy":"product_brand","embeddable":true,"href":"https:\/\/makumobel.es\/muebles-colchones-madrid\/wp-json\/wp\/v2\/product_brand?post=6347"},{"taxonomy":"product_cat","embeddable":true,"href":"https:\/\/makumobel.es\/muebles-colchones-madrid\/wp-json\/wp\/v2\/product_cat?post=6347"},{"taxonomy":"product_tag","embeddable":true,"href":"https:\/\/makumobel.es\/muebles-colchones-madrid\/wp-json\/wp\/v2\/product_tag?post=6347"}],"curies":[{"name":"wp","href":"https:\/\/api.w.org\/{rel}","templated":true}]}}